{"id":121,"date":"2022-03-12T18:49:05","date_gmt":"2022-03-12T17:49:05","guid":{"rendered":"http:\/\/www.jeanmichelcapron17.fr\/jeanmichelcapron17.fr\/?page_id=121"},"modified":"2022-11-17T18:03:23","modified_gmt":"2022-11-17T17:03:23","slug":"qui-je-suis","status":"publish","type":"page","link":"https:\/\/www.jeanmichelcapron17.fr\/jeanmichelcapron17.fr\/qui-je-suis\/","title":{"rendered":"Qui je suis ?"},"content":{"rendered":"\n<div class=\"wp-block-media-text alignwide is-stacked-on-mobile is-vertically-aligned-center\" style=\"grid-template-columns:29% auto\"><figure class=\"wp-block-media-text__media\"><img loading=\"lazy\" decoding=\"async\" width=\"769\" height=\"1024\" src=\"http:\/\/www.jeanmichelcapron17.fr\/jeanmichelcapron17.fr\/wp-content\/uploads\/2022\/10\/JMCmodelage-769x1024.jpg\" alt=\"\" class=\"wp-image-241 size-medium\" srcset=\"https:\/\/www.jeanmichelcapron17.fr\/jeanmichelcapron17.fr\/wp-content\/uploads\/2022\/10\/JMCmodelage-769x1024.jpg 769w, https:\/\/www.jeanmichelcapron17.fr\/jeanmichelcapron17.fr\/wp-content\/uploads\/2022\/10\/JMCmodelage-263x350.jpg 263w, https:\/\/www.jeanmichelcapron17.fr\/jeanmichelcapron17.fr\/wp-content\/uploads\/2022\/10\/JMCmodelage-768x1023.jpg 768w, https:\/\/www.jeanmichelcapron17.fr\/jeanmichelcapron17.fr\/wp-content\/uploads\/2022\/10\/JMCmodelage-1153x1536.jpg 1153w, https:\/\/www.jeanmichelcapron17.fr\/jeanmichelcapron17.fr\/wp-content\/uploads\/2022\/10\/JMCmodelage-1537x2048.jpg 1537w, https:\/\/www.jeanmichelcapron17.fr\/jeanmichelcapron17.fr\/wp-content\/uploads\/2022\/10\/JMCmodelage-600x799.jpg 600w, https:\/\/www.jeanmichelcapron17.fr\/jeanmichelcapron17.fr\/wp-content\/uploads\/2022\/10\/JMCmodelage-scaled.jpg 1921w\" sizes=\"auto, (max-width: 769px) 100vw, 769px\" \/><\/figure><div class=\"wp-block-media-text__content\">\n<p class=\"has-large-font-size\"><em>Jean Michel Capron<\/em><\/p>\n\n\n\n<p class=\"has-text-align-left\">N\u00e9 au Havre en 1959, je suis autodidacte, passionn\u00e9 depuis l\u2019enfance par le dessin et la peinture             (mes dessins \u00e9taient remarqu\u00e9s d\u00e8s l\u2019\u00e9cole maternelle).<\/p>\n\n\n\n<p>Je poursuis mes \u00e9tudes en rapport avec l\u2019agencement, la d\u00e9coration et l\u2019histoire de l\u2019art.<\/p>\n\n\n\n<p>Dans le m\u00eame temps, j\u2019explore diff\u00e9rentes techniques de dessin&nbsp;: le crayon, l\u2019encre et l\u2019acrylique. Tous les travaux manuels m\u2019int\u00e9ressent.<\/p>\n\n\n\n<p>Mon travail dans l\u2019imprimerie me permet d\u2019acqu\u00e9rir les proc\u00e9d\u00e9s de mises en page, de photographies toujours en lien avec la cr\u00e9ation.<\/p>\n\n\n\n<p>Pour moi, l\u2019art n\u2019est pas le fruit du hasard, il est ancr\u00e9 et fait parti de ma vie. Mais pendant des ann\u00e9es, mon travail laisse peu de place \u00e0&nbsp; ma passion.<\/p>\n\n\n\n<p>Je d\u00e9m\u00e9nage en 1987 pour La Rochelle o\u00f9 je r\u00e9alise des aquarelles en lien avec la mer. Puis je m\u2019int\u00e9resse \u00e0 l\u2019art animalier \u00e0 travers des tableaux repr\u00e9sentant des chevaux, puis des animaux sauvages.<\/p>\n\n\n\n<p>Plus tard, le modelage s\u2019impose \u00e0 moi, je me lance dans le travail de la terre et cr\u00e9e des sculptures d\u2019apr\u00e8s des photographies prises lors d\u2019un voyage au Kenya.<\/p>\n\n\n\n<p>L\u2019approche de mes \u0153uvres est plut\u00f4t r\u00e9aliste. Je cherche \u00e0 montrer les attitudes et les regards dans mes tableaux ou mes sculptures.<a><\/a><\/p>\n\n\n\n<p class=\"has-regular-font-size\">.<\/p>\n\n\n\n<p><\/p>\n<\/div><\/div>\n","protected":false},"excerpt":{"rendered":"<p>Jean Michel Capron N\u00e9 au Havre en 1959, je suis autodidacte, passionn\u00e9 depuis l\u2019enfance par le dessin et la peinture (mes dessins \u00e9taient remarqu\u00e9s d\u00e8s [&hellip;]<\/p>\n","protected":false},"author":1,"featured_media":0,"parent":0,"menu_order":0,"comment_status":"closed","ping_status":"closed","template":"","meta":{"footnotes":""},"class_list":["post-121","page","type-page","status-publish","hentry"],"yoast_head":"<!-- This site is optimized with the Yoast SEO plugin v18.2 - https:\/\/yoast.com\/wordpress\/plugins\/seo\/ -->\n<title>Qui je suis ? ~ Art animalier<\/title>\n<meta name=\"robots\" content=\"index, follow, max-snippet:-1, max-image-preview:large, max-video-preview:-1\" \/>\n<link rel=\"canonical\" href=\"http:\/\/www.jeanmichelcapron17.fr\/jeanmichelcapron17.fr\/qui-je-suis\/\" \/>\n<meta property=\"og:locale\" content=\"fr_FR\" \/>\n<meta property=\"og:type\" content=\"article\" \/>\n<meta property=\"og:title\" content=\"Qui je suis ? ~ Art animalier\" \/>\n<meta property=\"og:description\" content=\"Jean Michel Capron N\u00e9 au Havre en 1959, je suis autodidacte, passionn\u00e9 depuis l\u2019enfance par le dessin et la peinture (mes dessins \u00e9taient remarqu\u00e9s d\u00e8s [&hellip;]\" \/>\n<meta property=\"og:url\" content=\"http:\/\/www.jeanmichelcapron17.fr\/jeanmichelcapron17.fr\/qui-je-suis\/\" \/>\n<meta property=\"og:site_name\" content=\"Art animalier\" \/>\n<meta property=\"article:modified_time\" content=\"2022-11-17T17:03:23+00:00\" \/>\n<meta property=\"og:image\" content=\"http:\/\/www.jeanmichelcapron17.fr\/jeanmichelcapron17.fr\/wp-content\/uploads\/2022\/10\/JMCmodelage-769x1024.jpg\" \/>\n<meta name=\"twitter:card\" content=\"summary_large_image\" \/>\n<meta name=\"twitter:label1\" content=\"Dur\u00e9e de lecture estim\u00e9e\" \/>\n\t<meta name=\"twitter:data1\" content=\"2 minutes\" \/>\n<script type=\"application\/ld+json\" class=\"yoast-schema-graph\">{\"@context\":\"https:\/\/schema.org\",\"@graph\":[{\"@type\":[\"Person\",\"Organization\"],\"@id\":\"https:\/\/www.jeanmichelcapron17.fr\/jeanmichelcapron17.fr\/#\/schema\/person\/7dec26659a4e04a796c30bdaaab7aa31\",\"name\":\"Jean Michel Capron\",\"image\":{\"@type\":\"ImageObject\",\"@id\":\"https:\/\/www.jeanmichelcapron17.fr\/jeanmichelcapron17.fr\/#personlogo\",\"inLanguage\":\"fr-FR\",\"url\":\"http:\/\/www.jeanmichelcapron17.fr\/jeanmichelcapron17.fr\/wp-content\/uploads\/2022\/02\/rinov2.jpg\",\"contentUrl\":\"http:\/\/www.jeanmichelcapron17.fr\/jeanmichelcapron17.fr\/wp-content\/uploads\/2022\/02\/rinov2.jpg\",\"width\":1581,\"height\":1570,\"caption\":\"Jean Michel Capron\"},\"logo\":{\"@id\":\"https:\/\/www.jeanmichelcapron17.fr\/jeanmichelcapron17.fr\/#personlogo\"},\"sameAs\":[\"http:\/\/jeanmichelcapron17.fr\/jeanmichelcapron17.fr\"]},{\"@type\":\"WebSite\",\"@id\":\"https:\/\/www.jeanmichelcapron17.fr\/jeanmichelcapron17.fr\/#website\",\"url\":\"https:\/\/www.jeanmichelcapron17.fr\/jeanmichelcapron17.fr\/\",\"name\":\"Art animalier\",\"description\":\"Pr\u00e9sentation de mes r\u00e9alisations modelages, dessins, peintures, acryliques et aquarelles, ainsi que mes inspirations...\",\"publisher\":{\"@id\":\"https:\/\/www.jeanmichelcapron17.fr\/jeanmichelcapron17.fr\/#\/schema\/person\/7dec26659a4e04a796c30bdaaab7aa31\"},\"potentialAction\":[{\"@type\":\"SearchAction\",\"target\":{\"@type\":\"EntryPoint\",\"urlTemplate\":\"https:\/\/www.jeanmichelcapron17.fr\/jeanmichelcapron17.fr\/?s={search_term_string}\"},\"query-input\":\"required name=search_term_string\"}],\"inLanguage\":\"fr-FR\"},{\"@type\":\"ImageObject\",\"@id\":\"http:\/\/www.jeanmichelcapron17.fr\/jeanmichelcapron17.fr\/qui-je-suis\/#primaryimage\",\"inLanguage\":\"fr-FR\",\"url\":\"http:\/\/www.jeanmichelcapron17.fr\/jeanmichelcapron17.fr\/wp-content\/uploads\/2022\/10\/JMCmodelage-769x1024.jpg\",\"contentUrl\":\"http:\/\/www.jeanmichelcapron17.fr\/jeanmichelcapron17.fr\/wp-content\/uploads\/2022\/10\/JMCmodelage-769x1024.jpg\"},{\"@type\":\"WebPage\",\"@id\":\"http:\/\/www.jeanmichelcapron17.fr\/jeanmichelcapron17.fr\/qui-je-suis\/#webpage\",\"url\":\"http:\/\/www.jeanmichelcapron17.fr\/jeanmichelcapron17.fr\/qui-je-suis\/\",\"name\":\"Qui je suis ? ~ Art animalier\",\"isPartOf\":{\"@id\":\"https:\/\/www.jeanmichelcapron17.fr\/jeanmichelcapron17.fr\/#website\"},\"primaryImageOfPage\":{\"@id\":\"http:\/\/www.jeanmichelcapron17.fr\/jeanmichelcapron17.fr\/qui-je-suis\/#primaryimage\"},\"datePublished\":\"2022-03-12T17:49:05+00:00\",\"dateModified\":\"2022-11-17T17:03:23+00:00\",\"breadcrumb\":{\"@id\":\"http:\/\/www.jeanmichelcapron17.fr\/jeanmichelcapron17.fr\/qui-je-suis\/#breadcrumb\"},\"inLanguage\":\"fr-FR\",\"potentialAction\":[{\"@type\":\"ReadAction\",\"target\":[\"http:\/\/www.jeanmichelcapron17.fr\/jeanmichelcapron17.fr\/qui-je-suis\/\"]}]},{\"@type\":\"BreadcrumbList\",\"@id\":\"http:\/\/www.jeanmichelcapron17.fr\/jeanmichelcapron17.fr\/qui-je-suis\/#breadcrumb\",\"itemListElement\":[{\"@type\":\"ListItem\",\"position\":1,\"name\":\"Accueil\",\"item\":\"https:\/\/www.jeanmichelcapron17.fr\/jeanmichelcapron17.fr\/\"},{\"@type\":\"ListItem\",\"position\":2,\"name\":\"Qui je suis ?\"}]}]}<\/script>\n<!-- \/ Yoast SEO plugin. -->","yoast_head_json":{"title":"Qui je suis ? ~ Art animalier","robots":{"index":"index","follow":"follow","max-snippet":"max-snippet:-1","max-image-preview":"max-image-preview:large","max-video-preview":"max-video-preview:-1"},"canonical":"http:\/\/www.jeanmichelcapron17.fr\/jeanmichelcapron17.fr\/qui-je-suis\/","og_locale":"fr_FR","og_type":"article","og_title":"Qui je suis ? ~ Art animalier","og_description":"Jean Michel Capron N\u00e9 au Havre en 1959, je suis autodidacte, passionn\u00e9 depuis l\u2019enfance par le dessin et la peinture (mes dessins \u00e9taient remarqu\u00e9s d\u00e8s [&hellip;]","og_url":"http:\/\/www.jeanmichelcapron17.fr\/jeanmichelcapron17.fr\/qui-je-suis\/","og_site_name":"Art animalier","article_modified_time":"2022-11-17T17:03:23+00:00","og_image":[{"url":"http:\/\/www.jeanmichelcapron17.fr\/jeanmichelcapron17.fr\/wp-content\/uploads\/2022\/10\/JMCmodelage-769x1024.jpg"}],"twitter_card":"summary_large_image","twitter_misc":{"Dur\u00e9e de lecture estim\u00e9e":"2 minutes"},"schema":{"@context":"https:\/\/schema.org","@graph":[{"@type":["Person","Organization"],"@id":"https:\/\/www.jeanmichelcapron17.fr\/jeanmichelcapron17.fr\/#\/schema\/person\/7dec26659a4e04a796c30bdaaab7aa31","name":"Jean Michel Capron","image":{"@type":"ImageObject","@id":"https:\/\/www.jeanmichelcapron17.fr\/jeanmichelcapron17.fr\/#personlogo","inLanguage":"fr-FR","url":"http:\/\/www.jeanmichelcapron17.fr\/jeanmichelcapron17.fr\/wp-content\/uploads\/2022\/02\/rinov2.jpg","contentUrl":"http:\/\/www.jeanmichelcapron17.fr\/jeanmichelcapron17.fr\/wp-content\/uploads\/2022\/02\/rinov2.jpg","width":1581,"height":1570,"caption":"Jean Michel Capron"},"logo":{"@id":"https:\/\/www.jeanmichelcapron17.fr\/jeanmichelcapron17.fr\/#personlogo"},"sameAs":["http:\/\/jeanmichelcapron17.fr\/jeanmichelcapron17.fr"]},{"@type":"WebSite","@id":"https:\/\/www.jeanmichelcapron17.fr\/jeanmichelcapron17.fr\/#website","url":"https:\/\/www.jeanmichelcapron17.fr\/jeanmichelcapron17.fr\/","name":"Art animalier","description":"Pr\u00e9sentation de mes r\u00e9alisations modelages, dessins, peintures, acryliques et aquarelles, ainsi que mes inspirations...","publisher":{"@id":"https:\/\/www.jeanmichelcapron17.fr\/jeanmichelcapron17.fr\/#\/schema\/person\/7dec26659a4e04a796c30bdaaab7aa31"},"potentialAction":[{"@type":"SearchAction","target":{"@type":"EntryPoint","urlTemplate":"https:\/\/www.jeanmichelcapron17.fr\/jeanmichelcapron17.fr\/?s={search_term_string}"},"query-input":"required name=search_term_string"}],"inLanguage":"fr-FR"},{"@type":"ImageObject","@id":"http:\/\/www.jeanmichelcapron17.fr\/jeanmichelcapron17.fr\/qui-je-suis\/#primaryimage","inLanguage":"fr-FR","url":"http:\/\/www.jeanmichelcapron17.fr\/jeanmichelcapron17.fr\/wp-content\/uploads\/2022\/10\/JMCmodelage-769x1024.jpg","contentUrl":"http:\/\/www.jeanmichelcapron17.fr\/jeanmichelcapron17.fr\/wp-content\/uploads\/2022\/10\/JMCmodelage-769x1024.jpg"},{"@type":"WebPage","@id":"http:\/\/www.jeanmichelcapron17.fr\/jeanmichelcapron17.fr\/qui-je-suis\/#webpage","url":"http:\/\/www.jeanmichelcapron17.fr\/jeanmichelcapron17.fr\/qui-je-suis\/","name":"Qui je suis ? ~ Art animalier","isPartOf":{"@id":"https:\/\/www.jeanmichelcapron17.fr\/jeanmichelcapron17.fr\/#website"},"primaryImageOfPage":{"@id":"http:\/\/www.jeanmichelcapron17.fr\/jeanmichelcapron17.fr\/qui-je-suis\/#primaryimage"},"datePublished":"2022-03-12T17:49:05+00:00","dateModified":"2022-11-17T17:03:23+00:00","breadcrumb":{"@id":"http:\/\/www.jeanmichelcapron17.fr\/jeanmichelcapron17.fr\/qui-je-suis\/#breadcrumb"},"inLanguage":"fr-FR","potentialAction":[{"@type":"ReadAction","target":["http:\/\/www.jeanmichelcapron17.fr\/jeanmichelcapron17.fr\/qui-je-suis\/"]}]},{"@type":"BreadcrumbList","@id":"http:\/\/www.jeanmichelcapron17.fr\/jeanmichelcapron17.fr\/qui-je-suis\/#breadcrumb","itemListElement":[{"@type":"ListItem","position":1,"name":"Accueil","item":"https:\/\/www.jeanmichelcapron17.fr\/jeanmichelcapron17.fr\/"},{"@type":"ListItem","position":2,"name":"Qui je suis ?"}]}]}},"_links":{"self":[{"href":"https:\/\/www.jeanmichelcapron17.fr\/jeanmichelcapron17.fr\/wp-json\/wp\/v2\/pages\/121","targetHints":{"allow":["GET"]}}],"collection":[{"href":"https:\/\/www.jeanmichelcapron17.fr\/jeanmichelcapron17.fr\/wp-json\/wp\/v2\/pages"}],"about":[{"href":"https:\/\/www.jeanmichelcapron17.fr\/jeanmichelcapron17.fr\/wp-json\/wp\/v2\/types\/page"}],"author":[{"embeddable":true,"href":"https:\/\/www.jeanmichelcapron17.fr\/jeanmichelcapron17.fr\/wp-json\/wp\/v2\/users\/1"}],"replies":[{"embeddable":true,"href":"https:\/\/www.jeanmichelcapron17.fr\/jeanmichelcapron17.fr\/wp-json\/wp\/v2\/comments?post=121"}],"version-history":[{"count":7,"href":"https:\/\/www.jeanmichelcapron17.fr\/jeanmichelcapron17.fr\/wp-json\/wp\/v2\/pages\/121\/revisions"}],"predecessor-version":[{"id":268,"href":"https:\/\/www.jeanmichelcapron17.fr\/jeanmichelcapron17.fr\/wp-json\/wp\/v2\/pages\/121\/revisions\/268"}],"wp:attachment":[{"href":"https:\/\/www.jeanmichelcapron17.fr\/jeanmichelcapron17.fr\/wp-json\/wp\/v2\/media?parent=121"}],"curies":[{"name":"wp","href":"https:\/\/api.w.org\/{rel}","templated":true}]}}